{"id":370,"date":"2024-10-24T17:04:43","date_gmt":"2024-10-24T20:04:43","guid":{"rendered":"https:\/\/sanjivanimicrodosis.com\/?post_type=product&#038;p=370"},"modified":"2025-06-09T18:03:25","modified_gmt":"2025-06-09T21:03:25","slug":"equinacea-y-jengibre-para-combatir-resfrios-y-gripes","status":"publish","type":"product","link":"https:\/\/sanjivanimicrodosis.com\/index.php\/producto\/equinacea-y-jengibre-para-combatir-resfrios-y-gripes\/","title":{"rendered":"Antiresfr\u00edos"},"content":{"rendered":"<p>[et_pb_section fb_built=\u00bb1&#8243; _builder_version=\u00bb4.16&#8243; custom_padding=\u00bb0px||||false|false\u00bb global_colors_info=\u00bb{}\u00bb][et_pb_row _builder_version=\u00bb4.16&#8243; background_size=\u00bbinitial\u00bb background_position=\u00bbtop_left\u00bb background_repeat=\u00bbrepeat\u00bb width=\u00bb100%\u00bb custom_padding=\u00bb0px||0px||false|false\u00bb global_colors_info=\u00bb{}\u00bb][et_pb_column type=\u00bb4_4&#8243; _builder_version=\u00bb4.16&#8243; custom_padding=\u00bb|||\u00bb global_colors_info=\u00bb{}\u00bb custom_padding__hover=\u00bb|||\u00bb][et_pb_wc_breadcrumb _builder_version=\u00bb4.16&#8243; global_colors_info=\u00bb{}\u00bb][\/et_pb_wc_breadcrumb][et_pb_wc_cart_notice _builder_version=\u00bb4.16&#8243; hover_enabled=\u00bb0&#8243; global_colors_info=\u00bb{}\u00bb sticky_enabled=\u00bb0&#8243;][\/et_pb_wc_cart_notice][\/et_pb_column][\/et_pb_row][et_pb_row column_structure=\u00bb1_2,1_2&#8243; _builder_version=\u00bb4.16&#8243; background_size=\u00bbinitial\u00bb background_position=\u00bbtop_left\u00bb background_repeat=\u00bbrepeat\u00bb width=\u00bb100%\u00bb custom_padding=\u00bb0px||||false|false\u00bb global_colors_info=\u00bb{}\u00bb][et_pb_column type=\u00bb1_2&#8243; _builder_version=\u00bb4.16&#8243; custom_padding=\u00bb|||\u00bb global_colors_info=\u00bb{}\u00bb custom_padding__hover=\u00bb|||\u00bb][et_pb_wc_images _builder_version=\u00bb4.16&#8243; global_colors_info=\u00bb{}\u00bb][\/et_pb_wc_images][\/et_pb_column][et_pb_column type=\u00bb1_2&#8243; _builder_version=\u00bb4.16&#8243; custom_padding=\u00bb|||\u00bb global_colors_info=\u00bb{}\u00bb custom_padding__hover=\u00bb|||\u00bb][et_pb_wc_title _builder_version=\u00bb4.16&#8243; global_colors_info=\u00bb{}\u00bb][\/et_pb_wc_title][et_pb_wc_rating _builder_version=\u00bb4.27.2&#8243; hover_enabled=\u00bb0&#8243; global_colors_info=\u00bb{}\u00bb sticky_enabled=\u00bb0&#8243;][\/et_pb_wc_rating][et_pb_wc_price _builder_version=\u00bb4.16&#8243; global_colors_info=\u00bb{}\u00bb][\/et_pb_wc_price][et_pb_wc_description _builder_version=\u00bb4.16&#8243; global_colors_info=\u00bb{}\u00bb][\/et_pb_wc_description][et_pb_wc_add_to_cart _builder_version=\u00bb4.16&#8243; hover_enabled=\u00bb0&#8243; global_colors_info=\u00bb{}\u00bb sticky_enabled=\u00bb0&#8243;][\/et_pb_wc_add_to_cart][et_pb_wc_meta _builder_version=\u00bb4.16&#8243; global_colors_info=\u00bb{}\u00bb][\/et_pb_wc_meta][\/et_pb_column][\/et_pb_row][et_pb_row _builder_version=\u00bb4.16&#8243; background_size=\u00bbinitial\u00bb background_position=\u00bbtop_left\u00bb background_repeat=\u00bbrepeat\u00bb width=\u00bb100%\u00bb global_colors_info=\u00bb{}\u00bb][et_pb_column type=\u00bb4_4&#8243; _builder_version=\u00bb4.16&#8243; custom_padding=\u00bb|||\u00bb global_colors_info=\u00bb{}\u00bb custom_padding__hover=\u00bb|||\u00bb][et_pb_wc_tabs _builder_version=\u00bb4.16&#8243; global_colors_info=\u00bb{}\u00bb]\t\t\t\t\t[\/et_pb_wc_tabs][et_pb_wc_upsells _builder_version=\u00bb4.16&#8243; global_colors_info=\u00bb{}\u00bb][\/et_pb_wc_upsells][et_pb_wc_related_products _builder_version=\u00bb4.16&#8243; global_colors_info=\u00bb{}\u00bb][\/et_pb_wc_related_products][\/et_pb_column][\/et_pb_row][\/et_pb_section]<\/p>\n","protected":false},"excerpt":{"rendered":"","protected":false},"featured_media":402,"comment_status":"open","ping_status":"closed","template":"","meta":{"_et_pb_use_builder":"on","_et_pb_old_content":"<strong>Pack \"Antiresfr\u00edos\" - Microdosis de Equin\u00e1cea y Jengibre<\/strong>\r\n\r\nFortalece tu sistema inmunol\u00f3gico y combate los resfriados de manera natural con nuestro <strong>Pack Antiresfr\u00edos<\/strong>, que combina los beneficios de la <strong>Equin\u00e1cea<\/strong> y el <strong>Jengibre<\/strong> en microdosis. Esta f\u00f3rmula est\u00e1 dise\u00f1ada para prevenir y aliviar los s\u00edntomas de resfriados y gripes de forma segura y eficaz.\r\n<ul>\r\n \t<li><strong>Equin\u00e1cea:<\/strong> Estimula el sistema inmunol\u00f3gico, aumentando la producci\u00f3n de gl\u00f3bulos blancos para combatir infecciones. Tambi\u00e9n reduce la duraci\u00f3n y severidad de resfriados y gripes, y ofrece propiedades antiinflamatorias para aliviar el dolor de garganta y la inflamaci\u00f3n de las v\u00edas respiratorias.<\/li>\r\n \t<li><strong>Jengibre:<\/strong> Alivia la congesti\u00f3n nasal, mejora la circulaci\u00f3n y ayuda a mantener el calor corporal durante los meses fr\u00edos. Adem\u00e1s, posee propiedades antiinflamatorias y antioxidantes que refuerzan tu bienestar general.<\/li>\r\n<\/ul>\r\n<strong>Beneficios:<\/strong>\r\n<ul>\r\n \t<li>Refuerza el sistema inmunol\u00f3gico.<\/li>\r\n \t<li>Previene y alivia resfriados y gripes.<\/li>\r\n \t<li>Promueve una mejor circulaci\u00f3n y bienestar respiratorio.<\/li>\r\n \t<li>Ofrece apoyo digestivo y combate la inflamaci\u00f3n.<\/li>\r\n<\/ul>\r\n<strong>\u00bfPor qu\u00e9 elegir microdosis?<\/strong>\r\nLas microdosis son un tratamiento eficaz y seguro, ya que emplean concentraciones extremadamente bajas de plantas medicinales, eliminando cualquier riesgo de efectos adversos. Este m\u00e9todo es completamente natural y respetuoso con el medio ambiente.\r\n\r\n<strong>\u00a1Compra ahora y refuerza tu salud de manera natural!<\/strong>","_et_gb_content_width":""},"product_brand":[],"product_cat":[32],"product_tag":[],"class_list":{"0":"post-370","1":"product","2":"type-product","3":"status-publish","4":"has-post-thumbnail","6":"product_cat-tratamientos","8":"first","9":"instock","10":"taxable","11":"shipping-taxable","12":"purchasable","13":"product-type-simple"},"jetpack_sharing_enabled":true,"_links":{"self":[{"href":"https:\/\/sanjivanimicrodosis.com\/index.php\/wp-json\/wp\/v2\/product\/370","targetHints":{"allow":["GET"]}}],"collection":[{"href":"https:\/\/sanjivanimicrodosis.com\/index.php\/wp-json\/wp\/v2\/product"}],"about":[{"href":"https:\/\/sanjivanimicrodosis.com\/index.php\/wp-json\/wp\/v2\/types\/product"}],"replies":[{"embeddable":true,"href":"https:\/\/sanjivanimicrodosis.com\/index.php\/wp-json\/wp\/v2\/comments?post=370"}],"wp:featuredmedia":[{"embeddable":true,"href":"https:\/\/sanjivanimicrodosis.com\/index.php\/wp-json\/wp\/v2\/media\/402"}],"wp:attachment":[{"href":"https:\/\/sanjivanimicrodosis.com\/index.php\/wp-json\/wp\/v2\/media?parent=370"}],"wp:term":[{"taxonomy":"product_brand","embeddable":true,"href":"https:\/\/sanjivanimicrodosis.com\/index.php\/wp-json\/wp\/v2\/product_brand?post=370"},{"taxonomy":"product_cat","embeddable":true,"href":"https:\/\/sanjivanimicrodosis.com\/index.php\/wp-json\/wp\/v2\/product_cat?post=370"},{"taxonomy":"product_tag","embeddable":true,"href":"https:\/\/sanjivanimicrodosis.com\/index.php\/wp-json\/wp\/v2\/product_tag?post=370"}],"curies":[{"name":"wp","href":"https:\/\/api.w.org\/{rel}","templated":true}]}}